{"id":155,"date":"2024-03-26T13:28:10","date_gmt":"2024-03-26T13:28:10","guid":{"rendered":"https:\/\/brinkmannhp.de\/?page_id=155"},"modified":"2024-05-08T13:16:00","modified_gmt":"2024-05-08T13:16:00","slug":"person","status":"publish","type":"page","link":"https:\/\/brinkmannhp.de\/index.php\/person\/","title":{"rendered":"Person"},"content":{"rendered":"\n<div class=\"wp-block-media-text has-media-on-the-right is-stacked-on-mobile\" style=\"grid-template-columns:auto 40%\"><div class=\"wp-block-media-text__content\">\n<p class=\"has-text-align-center has-medium-font-size\"><strong>Person<\/strong><\/p>\n\n\n\n<p>2002 &#8211; 2005 Heilpraktikerausbildung am Institut f\u00fcr Phytotherapie, Berlin mit den Schwerpunkten: <br><br>&#8211; Pflanzenheilkunde<br>&#8211; Chinesische Medizin<br>&#8211; Hom\u00f6opathie<br>&#8211; Augendiagnose<br>&#8211; K\u00f6rpertherapien<\/p>\n\n\n\n<p>Okt 2005         Pr\u00fcfung und Zulassung durch das Gesundheitsamt Berlin,Tempelhof<br>Nov 2005 &#8211; Praxisassistenz bei HP Klaus Kr\u00e4mer, Phytotherapie und Augendiagnose<br>Sept 2007 Unterrichtsassistenz am IfP im Bereich Klassische Massage<br>Parallel Aufnahme der T\u00e4tigkeit als Heilpraktikerin<\/p>\n\n\n\n<p>                          Besuch reglma\u00dfiger Arbeitskreise f\u00fcr Phytotherapie und Augendiagnose<\/p>\n\n\n\n<p>Okt 2008         Er\u00f6ffnung meiner eigenen Praxis in Ankum<\/p>\n\n\n\n<p class=\"has-text-align-left\"><strong>Besuch diverser Fortbildungen und Seminare, z.B.<\/strong><br>&#8211; sanfte Chiropraktik<br>&#8211; Thai Massage<br>&#8211; Famielienstellen<br>&#8211; Biochemie<br>&#8211; Verhaltenstherapie<br>&#8211; Entspannungstechniken<\/p>\n<\/div><figure class=\"wp-block-media-text__media\"><img loading=\"lazy\" decoding=\"async\" width=\"792\" height=\"1024\" src=\"https:\/\/brinkmannhp.de\/wp-content\/uploads\/2023\/04\/P1010692_2-792x1024.jpg\" alt=\"\" class=\"wp-image-161 size-full\" srcset=\"https:\/\/brinkmannhp.de\/wp-content\/uploads\/2023\/04\/P1010692_2-792x1024.jpg 792w, https:\/\/brinkmannhp.de\/wp-content\/uploads\/2023\/04\/P1010692_2-232x300.jpg 232w, https:\/\/brinkmannhp.de\/wp-content\/uploads\/2023\/04\/P1010692_2-768x993.jpg 768w, https:\/\/brinkmannhp.de\/wp-content\/uploads\/2023\/04\/P1010692_2-1188x1536.jpg 1188w, https:\/\/brinkmannhp.de\/wp-content\/uploads\/2023\/04\/P1010692_2-1584x2048.jpg 1584w, https:\/\/brinkmannhp.de\/wp-content\/uploads\/2023\/04\/P1010692_2.jpg 1727w\" sizes=\"auto, (max-width: 792px) 100vw, 792px\" \/><\/figure><\/div>\n","protected":false},"excerpt":{"rendered":"<p>Person 2002 &#8211; 2005 Heilpraktikerausbildung am Institut f\u00fcr Phytotherapie, Berlin mit den Schwerpunkten: &#8211; Pflanzenheilkunde&#8211; Chinesische Medizin&#8211; Hom\u00f6opathie&#8211; Augendiagnose&#8211; K\u00f6rpertherapien Okt 2005 Pr\u00fcfung und Zulassung durch das Gesundheitsamt Berlin,TempelhofNov 2005 &#8211; Praxisassistenz bei HP Klaus Kr\u00e4mer, Phytotherapie und AugendiagnoseSept 2007 Unterrichtsassistenz am IfP im Bereich Klassische MassageParallel Aufnahme der T\u00e4tigkeit als Heilpraktikerin Besuch reglma\u00dfiger Arbeitskreise [&hellip;]<\/p>\n","protected":false},"author":1,"featured_media":0,"parent":0,"menu_order":0,"comment_status":"closed","ping_status":"closed","template":"","meta":{"site-sidebar-layout":"default","site-content-layout":"","ast-site-content-layout":"default","site-content-style":"default","site-sidebar-style":"default","ast-global-header-display":"","ast-banner-title-visibility":"","ast-main-header-display":"","ast-hfb-above-header-display":"","ast-hfb-below-header-display":"","ast-hfb-mobile-header-display":"","site-post-title":"","ast-breadcrumbs-content":"","ast-featured-img":"","footer-sml-layout":"","ast-disable-related-posts":"","theme-transparent-header-meta":"","adv-header-id-meta":"","stick-header-meta":"","header-above-stick-meta":"","header-main-stick-meta":"","header-below-stick-meta":"","astra-migrate-meta-layouts":"set","ast-page-background-enabled":"default","ast-page-background-meta":{"desktop":{"background-color":"var(--ast-global-color-4)","background-image":"","background-repeat":"repeat","background-position":"center center","background-size":"auto","background-attachment":"scroll","background-type":"","background-media":"","overlay-type":"","overlay-color":"","overlay-opacity":"","overlay-gradient":""},"tablet":{"background-color":"","background-image":"","background-repeat":"repeat","background-position":"center center","background-size":"auto","background-attachment":"scroll","background-type":"","background-media":"","overlay-type":"","overlay-color":"","overlay-opacity":"","overlay-gradient":""},"mobile":{"background-color":"","background-image":"","background-repeat":"repeat","background-position":"center center","background-size":"auto","background-attachment":"scroll","background-type":"","background-media":"","overlay-type":"","overlay-color":"","overlay-opacity":"","overlay-gradient":""}},"ast-content-background-meta":{"desktop":{"background-color":"var(--ast-global-color-5)","background-image":"","background-repeat":"repeat","background-position":"center center","background-size":"auto","background-attachment":"scroll","background-type":"","background-media":"","overlay-type":"","overlay-color":"","overlay-opacity":"","overlay-gradient":""},"tablet":{"background-color":"var(--ast-global-color-5)","background-image":"","background-repeat":"repeat","background-position":"center center","background-size":"auto","background-attachment":"scroll","background-type":"","background-media":"","overlay-type":"","overlay-color":"","overlay-opacity":"","overlay-gradient":""},"mobile":{"background-color":"var(--ast-global-color-5)","background-image":"","background-repeat":"repeat","background-position":"center center","background-size":"auto","background-attachment":"scroll","background-type":"","background-media":"","overlay-type":"","overlay-color":"","overlay-opacity":"","overlay-gradient":""}},"footnotes":""},"class_list":["post-155","page","type-page","status-publish","hentry"],"_links":{"self":[{"href":"https:\/\/brinkmannhp.de\/index.php\/wp-json\/wp\/v2\/pages\/155","targetHints":{"allow":["GET"]}}],"collection":[{"href":"https:\/\/brinkmannhp.de\/index.php\/wp-json\/wp\/v2\/pages"}],"about":[{"href":"https:\/\/brinkmannhp.de\/index.php\/wp-json\/wp\/v2\/types\/page"}],"author":[{"embeddable":true,"href":"https:\/\/brinkmannhp.de\/index.php\/wp-json\/wp\/v2\/users\/1"}],"replies":[{"embeddable":true,"href":"https:\/\/brinkmannhp.de\/index.php\/wp-json\/wp\/v2\/comments?post=155"}],"version-history":[{"count":8,"href":"https:\/\/brinkmannhp.de\/index.php\/wp-json\/wp\/v2\/pages\/155\/revisions"}],"predecessor-version":[{"id":333,"href":"https:\/\/brinkmannhp.de\/index.php\/wp-json\/wp\/v2\/pages\/155\/revisions\/333"}],"wp:attachment":[{"href":"https:\/\/brinkmannhp.de\/index.php\/wp-json\/wp\/v2\/media?parent=155"}],"curies":[{"name":"wp","href":"https:\/\/api.w.org\/{rel}","templated":true}]}}