{"id":151,"date":"2024-03-26T13:28:18","date_gmt":"2024-03-26T13:28:18","guid":{"rendered":"https:\/\/brinkmannhp.de\/?page_id=151"},"modified":"2024-05-14T12:56:08","modified_gmt":"2024-05-14T12:56:08","slug":"pflanzenheilkunde-phytotherapie","status":"publish","type":"page","link":"https:\/\/brinkmannhp.de\/index.php\/pflanzenheilkunde-phytotherapie\/","title":{"rendered":"Pflanzenheilkunde  (Phytotherapie)"},"content":{"rendered":"\n<div class=\"wp-block-media-text has-media-on-the-right is-stacked-on-mobile\"><div class=\"wp-block-media-text__content\">\n<p class=\"has-text-align-center\"><strong>Pflanzenheilkunde  (Phytotherapie)<\/strong><\/p>\n\n\n\n<p>Pflanzen begleiten und unterst\u00fctzen die Menschen bereits seit tausenden von Jahren.<br>In der modernen Phytotherapie verbinden sich Tradition, d.h. Erfahrungsheilkunde und Moderne, also wissenschaftliche Forschung zu einem wertvollen Wissensschatz.<br>Durch den gezielten und fachkundigen Einsatz der Pflanzen kann auf sanfte Art und Weise eine best\u00e4ndige Umstimmung und Stabilisierung des k\u00f6rperlichen Gleichgewichts erreicht werden.<br><br>Auch Patienten mit chronischen Erkrankungen k\u00f6nnen mithilfe der Pflanzen sehr effektiv unterst\u00fctzt werden. <br>In meiner Praxis arbeite ich vorwiegend mit individuellen Teeverschreibung. Pflanzenausz\u00fcge in Form von Tinkturen und anderen Aufbereitungen kommen ebenfalls zum Einsatz.<\/p>\n\n\n\n<p>Dadurch habe ich die M\u00f6glichkeit, ganz explizit auf Ihre akute und konstitutionelle Situation einzugehen.<br>Nach ausf\u00fchrlicher Anamnese und augendiagnostischer Untersuchung erstelle ich f\u00fcr Sie Ihr ganz pers\u00f6nliches Teerezept. Der Tee wird in der Apotheke f\u00fcr Sie hergestellt.<\/p>\n\n\n\n<p>Bei dem folgenden Termin nach einigen Wochen erhalten Sie nach weiterem Gespr\u00e4ch \/ Untersuchung eine neue Teezusammenstellung, so das der Heilungsreiz erhalten bleibt.<\/p>\n\n\n\n<p>Die Einsatzm\u00f6glichkeiten der individuellen Teetherapie sind nahezu  unbegrenzt, daher an dieser Stelle nur einige Beispiele :<\/p>\n\n\n\n<ul class=\"wp-block-list\">\n<li>Erkrankungen des Verdauungssystems<\/li>\n\n\n\n<li>Erkrankungen des Immunsystems\n<ul class=\"wp-block-list\">\n<li>  Allergien<\/li>\n\n\n\n<li>Abwehrschw\u00e4che<\/li>\n<\/ul>\n<\/li>\n\n\n\n<li>St\u00f6rungen des hormonellen Systems\n<ul class=\"wp-block-list\">\n<li>Menstruationsprobleme<\/li>\n\n\n\n<li>klimaktische Beschwerden<\/li>\n<\/ul>\n<\/li>\n\n\n\n<li>Erkrankungen des Herz- Kreislaufsystems<\/li>\n<\/ul>\n<\/div><figure class=\"wp-block-media-text__media\"><img loading=\"lazy\" decoding=\"async\" width=\"561\" height=\"846\" src=\"https:\/\/brinkmannhp.de\/wp-content\/uploads\/2024\/03\/2222.png\" alt=\"\" class=\"wp-image-240 size-full\" srcset=\"https:\/\/brinkmannhp.de\/wp-content\/uploads\/2024\/03\/2222.png 561w, https:\/\/brinkmannhp.de\/wp-content\/uploads\/2024\/03\/2222-199x300.png 199w\" sizes=\"auto, (max-width: 561px) 100vw, 561px\" \/><\/figure><\/div>\n","protected":false},"excerpt":{"rendered":"","protected":false},"author":1,"featured_media":0,"parent":0,"menu_order":0,"comment_status":"closed","ping_status":"closed","template":"","meta":{"site-sidebar-layout":"default","site-content-layout":"","ast-site-content-layout":"default","site-content-style":"default","site-sidebar-style":"default","ast-global-header-display":"","ast-banner-title-visibility":"","ast-main-header-display":"","ast-hfb-above-header-display":"","ast-hfb-below-header-display":"","ast-hfb-mobile-header-display":"","site-post-title":"","ast-breadcrumbs-content":"","ast-featured-img":"","footer-sml-layout":"","ast-disable-related-posts":"","theme-transparent-header-meta":"","adv-header-id-meta":"","stick-header-meta":"","header-above-stick-meta":"","header-main-stick-meta":"","header-below-stick-meta":"","astra-migrate-meta-layouts":"set","ast-page-background-enabled":"default","ast-page-background-meta":{"desktop":{"background-color":"var(--ast-global-color-4)","background-image":"","background-repeat":"repeat","background-position":"center center","background-size":"auto","background-attachment":"scroll","background-type":"","background-media":"","overlay-type":"","overlay-color":"","overlay-opacity":"","overlay-gradient":""},"tablet":{"background-color":"","background-image":"","background-repeat":"repeat","background-position":"center center","background-size":"auto","background-attachment":"scroll","background-type":"","background-media":"","overlay-type":"","overlay-color":"","overlay-opacity":"","overlay-gradient":""},"mobile":{"background-color":"","background-image":"","background-repeat":"repeat","background-position":"center center","background-size":"auto","background-attachment":"scroll","background-type":"","background-media":"","overlay-type":"","overlay-color":"","overlay-opacity":"","overlay-gradient":""}},"ast-content-background-meta":{"desktop":{"background-color":"var(--ast-global-color-5)","background-image":"","background-repeat":"repeat","background-position":"center center","background-size":"auto","background-attachment":"scroll","background-type":"","background-media":"","overlay-type":"","overlay-color":"","overlay-opacity":"","overlay-gradient":""},"tablet":{"background-color":"var(--ast-global-color-5)","background-image":"","background-repeat":"repeat","background-position":"center center","background-size":"auto","background-attachment":"scroll","background-type":"","background-media":"","overlay-type":"","overlay-color":"","overlay-opacity":"","overlay-gradient":""},"mobile":{"background-color":"var(--ast-global-color-5)","background-image":"","background-repeat":"repeat","background-position":"center center","background-size":"auto","background-attachment":"scroll","background-type":"","background-media":"","overlay-type":"","overlay-color":"","overlay-opacity":"","overlay-gradient":""}},"footnotes":""},"class_list":["post-151","page","type-page","status-publish","hentry"],"_links":{"self":[{"href":"https:\/\/brinkmannhp.de\/index.php\/wp-json\/wp\/v2\/pages\/151","targetHints":{"allow":["GET"]}}],"collection":[{"href":"https:\/\/brinkmannhp.de\/index.php\/wp-json\/wp\/v2\/pages"}],"about":[{"href":"https:\/\/brinkmannhp.de\/index.php\/wp-json\/wp\/v2\/types\/page"}],"author":[{"embeddable":true,"href":"https:\/\/brinkmannhp.de\/index.php\/wp-json\/wp\/v2\/users\/1"}],"replies":[{"embeddable":true,"href":"https:\/\/brinkmannhp.de\/index.php\/wp-json\/wp\/v2\/comments?post=151"}],"version-history":[{"count":10,"href":"https:\/\/brinkmannhp.de\/index.php\/wp-json\/wp\/v2\/pages\/151\/revisions"}],"predecessor-version":[{"id":344,"href":"https:\/\/brinkmannhp.de\/index.php\/wp-json\/wp\/v2\/pages\/151\/revisions\/344"}],"wp:attachment":[{"href":"https:\/\/brinkmannhp.de\/index.php\/wp-json\/wp\/v2\/media?parent=151"}],"curies":[{"name":"wp","href":"https:\/\/api.w.org\/{rel}","templated":true}]}}