{"id":145,"date":"2024-03-26T13:27:56","date_gmt":"2024-03-26T13:27:56","guid":{"rendered":"https:\/\/brinkmannhp.de\/?page_id=145"},"modified":"2024-05-08T13:04:10","modified_gmt":"2024-05-08T13:04:10","slug":"massage","status":"publish","type":"page","link":"https:\/\/brinkmannhp.de\/index.php\/massage\/","title":{"rendered":"Massage"},"content":{"rendered":"\n<div class=\"wp-block-media-text has-media-on-the-right is-stacked-on-mobile is-vertically-aligned-top\" style=\"grid-template-columns:auto 45%\"><div class=\"wp-block-media-text__content\">\n<p class=\"has-text-align-left has-medium-font-size\"><strong>Massage<\/strong><\/p>\n\n\n\n<p class=\"has-text-align-left\">Massagen beheben auf behutsame Weise Verspannungen und Blockaden in Muskeln und Gelenken.<br>So k\u00f6nnen Schmerzzust\u00e4nde aufgel\u00f6st, und die Beweglichkeit wiederhergestellt werden.<br>Auch im Hinblick auf psychische Spannungszust\u00e4nde k\u00f6nnen sich Massagen sehr positiv auswirken.<\/p>\n\n\n\n<p class=\"has-text-align-left\">In meiner Praxis behandele ich Sie mit der klassischen Massage, die ich gegebenenfalls mit Schr\u00f6pfen, Techniken der sanften Chiropraktik oder der Thai Massage kombiniere.<\/p>\n<\/div><figure class=\"wp-block-media-text__media\"><img loading=\"lazy\" decoding=\"async\" width=\"1024\" height=\"681\" src=\"https:\/\/brinkmannhp.de\/wp-content\/uploads\/2024\/03\/1111-1024x681.png\" alt=\"\" class=\"wp-image-237 size-full\" srcset=\"https:\/\/brinkmannhp.de\/wp-content\/uploads\/2024\/03\/1111-1024x681.png 1024w, https:\/\/brinkmannhp.de\/wp-content\/uploads\/2024\/03\/1111-300x200.png 300w, https:\/\/brinkmannhp.de\/wp-content\/uploads\/2024\/03\/1111-768x511.png 768w, https:\/\/brinkmannhp.de\/wp-content\/uploads\/2024\/03\/1111.png 1195w\" sizes=\"auto, (max-width: 1024px) 100vw, 1024px\" \/><\/figure><\/div>\n\n\n\n<p><\/p>\n","protected":false},"excerpt":{"rendered":"<p>Massage Massagen beheben auf behutsame Weise Verspannungen und Blockaden in Muskeln und Gelenken.So k\u00f6nnen Schmerzzust\u00e4nde aufgel\u00f6st, und die Beweglichkeit wiederhergestellt werden.Auch im Hinblick auf psychische Spannungszust\u00e4nde k\u00f6nnen sich Massagen sehr positiv auswirken. In meiner Praxis behandele ich Sie mit der klassischen Massage, die ich gegebenenfalls mit Schr\u00f6pfen, Techniken der sanften Chiropraktik oder der Thai Massage [&hellip;]<\/p>\n","protected":false},"author":1,"featured_media":0,"parent":0,"menu_order":0,"comment_status":"closed","ping_status":"closed","template":"","meta":{"site-sidebar-layout":"default","site-content-layout":"","ast-site-content-layout":"default","site-content-style":"default","site-sidebar-style":"default","ast-global-header-display":"","ast-banner-title-visibility":"","ast-main-header-display":"","ast-hfb-above-header-display":"","ast-hfb-below-header-display":"","ast-hfb-mobile-header-display":"","site-post-title":"","ast-breadcrumbs-content":"","ast-featured-img":"","footer-sml-layout":"","ast-disable-related-posts":"","theme-transparent-header-meta":"","adv-header-id-meta":"","stick-header-meta":"","header-above-stick-meta":"","header-main-stick-meta":"","header-below-stick-meta":"","astra-migrate-meta-layouts":"set","ast-page-background-enabled":"default","ast-page-background-meta":{"desktop":{"background-color":"var(--ast-global-color-4)","background-image":"","background-repeat":"repeat","background-position":"center center","background-size":"auto","background-attachment":"scroll","background-type":"","background-media":"","overlay-type":"","overlay-color":"","overlay-opacity":"","overlay-gradient":""},"tablet":{"background-color":"","background-image":"","background-repeat":"repeat","background-position":"center center","background-size":"auto","background-attachment":"scroll","background-type":"","background-media":"","overlay-type":"","overlay-color":"","overlay-opacity":"","overlay-gradient":""},"mobile":{"background-color":"","background-image":"","background-repeat":"repeat","background-position":"center center","background-size":"auto","background-attachment":"scroll","background-type":"","background-media":"","overlay-type":"","overlay-color":"","overlay-opacity":"","overlay-gradient":""}},"ast-content-background-meta":{"desktop":{"background-color":"var(--ast-global-color-5)","background-image":"","background-repeat":"repeat","background-position":"center center","background-size":"auto","background-attachment":"scroll","background-type":"","background-media":"","overlay-type":"","overlay-color":"","overlay-opacity":"","overlay-gradient":""},"tablet":{"background-color":"var(--ast-global-color-5)","background-image":"","background-repeat":"repeat","background-position":"center center","background-size":"auto","background-attachment":"scroll","background-type":"","background-media":"","overlay-type":"","overlay-color":"","overlay-opacity":"","overlay-gradient":""},"mobile":{"background-color":"var(--ast-global-color-5)","background-image":"","background-repeat":"repeat","background-position":"center center","background-size":"auto","background-attachment":"scroll","background-type":"","background-media":"","overlay-type":"","overlay-color":"","overlay-opacity":"","overlay-gradient":""}},"footnotes":""},"class_list":["post-145","page","type-page","status-publish","hentry"],"_links":{"self":[{"href":"https:\/\/brinkmannhp.de\/index.php\/wp-json\/wp\/v2\/pages\/145","targetHints":{"allow":["GET"]}}],"collection":[{"href":"https:\/\/brinkmannhp.de\/index.php\/wp-json\/wp\/v2\/pages"}],"about":[{"href":"https:\/\/brinkmannhp.de\/index.php\/wp-json\/wp\/v2\/types\/page"}],"author":[{"embeddable":true,"href":"https:\/\/brinkmannhp.de\/index.php\/wp-json\/wp\/v2\/users\/1"}],"replies":[{"embeddable":true,"href":"https:\/\/brinkmannhp.de\/index.php\/wp-json\/wp\/v2\/comments?post=145"}],"version-history":[{"count":10,"href":"https:\/\/brinkmannhp.de\/index.php\/wp-json\/wp\/v2\/pages\/145\/revisions"}],"predecessor-version":[{"id":324,"href":"https:\/\/brinkmannhp.de\/index.php\/wp-json\/wp\/v2\/pages\/145\/revisions\/324"}],"wp:attachment":[{"href":"https:\/\/brinkmannhp.de\/index.php\/wp-json\/wp\/v2\/media?parent=145"}],"curies":[{"name":"wp","href":"https:\/\/api.w.org\/{rel}","templated":true}]}}