{"id":143,"date":"2024-03-26T13:28:29","date_gmt":"2024-03-26T13:28:29","guid":{"rendered":"https:\/\/brinkmannhp.de\/?page_id=143"},"modified":"2024-05-08T12:32:06","modified_gmt":"2024-05-08T12:32:06","slug":"schroepftherapie","status":"publish","type":"page","link":"https:\/\/brinkmannhp.de\/index.php\/schroepftherapie\/","title":{"rendered":"Schr\u00f6pftherapie"},"content":{"rendered":"\n<div class=\"wp-block-media-text has-media-on-the-right is-stacked-on-mobile\" style=\"grid-template-columns:auto 33%\"><div class=\"wp-block-media-text__content\">\n<p class=\"has-text-align-center has-medium-font-size\"><strong>Schr\u00f6pftherapie<\/strong><\/p>\n\n\n\n<p>Das Schr\u00f6pfen ist ein sehr effektives Verfahren, das seine Wirkung einerseits direkt am Behandlungsort, z.B. Muskeln und Gelenken, andererseits, \u00fcber Reflexzonen, an inneren Organen, z.B. Lunge , Verdauungsberreich und Unterleibsorgane entfaltet.<\/p>\n\n\n\n<p>Die Schr\u00f6pfgl\u00e4ser werden erw\u00e4rmt und auf dem K\u00f6rper des Patienten aufgesetzt, wo sie zwischen 10 und 20 Minuten verbleiben.<\/p>\n\n\n\n<p>In meiner Praxis setzt ich das Schr\u00f6pfen auch in Kombination mit Akupunktur und Massagen ein.<\/p>\n<\/div><figure class=\"wp-block-media-text__media\"><img loading=\"lazy\" decoding=\"async\" width=\"1024\" height=\"1024\" src=\"https:\/\/brinkmannhp.de\/wp-content\/uploads\/2024\/05\/schroe-1024x1024.jpeg\" alt=\"\" class=\"wp-image-303 size-full\" srcset=\"https:\/\/brinkmannhp.de\/wp-content\/uploads\/2024\/05\/schroe-1024x1024.jpeg 1024w, https:\/\/brinkmannhp.de\/wp-content\/uploads\/2024\/05\/schroe-300x300.jpeg 300w, https:\/\/brinkmannhp.de\/wp-content\/uploads\/2024\/05\/schroe-150x150.jpeg 150w, https:\/\/brinkmannhp.de\/wp-content\/uploads\/2024\/05\/schroe-768x768.jpeg 768w, https:\/\/brinkmannhp.de\/wp-content\/uploads\/2024\/05\/schroe-1536x1536.jpeg 1536w, https:\/\/brinkmannhp.de\/wp-content\/uploads\/2024\/05\/schroe.jpeg 1824w\" sizes=\"auto, (max-width: 1024px) 100vw, 1024px\" \/><\/figure><\/div>\n","protected":false},"excerpt":{"rendered":"<p>Schr\u00f6pftherapie Das Schr\u00f6pfen ist ein sehr effektives Verfahren, das seine Wirkung einerseits direkt am Behandlungsort, z.B. Muskeln und Gelenken, andererseits, \u00fcber Reflexzonen, an inneren Organen, z.B. Lunge , Verdauungsberreich und Unterleibsorgane entfaltet. Die Schr\u00f6pfgl\u00e4ser werden erw\u00e4rmt und auf dem K\u00f6rper des Patienten aufgesetzt, wo sie zwischen 10 und 20 Minuten verbleiben. In meiner Praxis setzt [&hellip;]<\/p>\n","protected":false},"author":1,"featured_media":0,"parent":0,"menu_order":0,"comment_status":"closed","ping_status":"closed","template":"","meta":{"site-sidebar-layout":"default","site-content-layout":"","ast-site-content-layout":"default","site-content-style":"default","site-sidebar-style":"default","ast-global-header-display":"","ast-banner-title-visibility":"","ast-main-header-display":"","ast-hfb-above-header-display":"","ast-hfb-below-header-display":"","ast-hfb-mobile-header-display":"","site-post-title":"","ast-breadcrumbs-content":"","ast-featured-img":"","footer-sml-layout":"","ast-disable-related-posts":"","theme-transparent-header-meta":"","adv-header-id-meta":"","stick-header-meta":"","header-above-stick-meta":"","header-main-stick-meta":"","header-below-stick-meta":"","astra-migrate-meta-layouts":"set","ast-page-background-enabled":"default","ast-page-background-meta":{"desktop":{"background-color":"var(--ast-global-color-4)","background-image":"","background-repeat":"repeat","background-position":"center center","background-size":"auto","background-attachment":"scroll","background-type":"","background-media":"","overlay-type":"","overlay-color":"","overlay-opacity":"","overlay-gradient":""},"tablet":{"background-color":"","background-image":"","background-repeat":"repeat","background-position":"center center","background-size":"auto","background-attachment":"scroll","background-type":"","background-media":"","overlay-type":"","overlay-color":"","overlay-opacity":"","overlay-gradient":""},"mobile":{"background-color":"","background-image":"","background-repeat":"repeat","background-position":"center center","background-size":"auto","background-attachment":"scroll","background-type":"","background-media":"","overlay-type":"","overlay-color":"","overlay-opacity":"","overlay-gradient":""}},"ast-content-background-meta":{"desktop":{"background-color":"var(--ast-global-color-5)","background-image":"","background-repeat":"repeat","background-position":"center center","background-size":"auto","background-attachment":"scroll","background-type":"","background-media":"","overlay-type":"","overlay-color":"","overlay-opacity":"","overlay-gradient":""},"tablet":{"background-color":"var(--ast-global-color-5)","background-image":"","background-repeat":"repeat","background-position":"center center","background-size":"auto","background-attachment":"scroll","background-type":"","background-media":"","overlay-type":"","overlay-color":"","overlay-opacity":"","overlay-gradient":""},"mobile":{"background-color":"var(--ast-global-color-5)","background-image":"","background-repeat":"repeat","background-position":"center center","background-size":"auto","background-attachment":"scroll","background-type":"","background-media":"","overlay-type":"","overlay-color":"","overlay-opacity":"","overlay-gradient":""}},"footnotes":""},"class_list":["post-143","page","type-page","status-publish","hentry"],"_links":{"self":[{"href":"https:\/\/brinkmannhp.de\/index.php\/wp-json\/wp\/v2\/pages\/143","targetHints":{"allow":["GET"]}}],"collection":[{"href":"https:\/\/brinkmannhp.de\/index.php\/wp-json\/wp\/v2\/pages"}],"about":[{"href":"https:\/\/brinkmannhp.de\/index.php\/wp-json\/wp\/v2\/types\/page"}],"author":[{"embeddable":true,"href":"https:\/\/brinkmannhp.de\/index.php\/wp-json\/wp\/v2\/users\/1"}],"replies":[{"embeddable":true,"href":"https:\/\/brinkmannhp.de\/index.php\/wp-json\/wp\/v2\/comments?post=143"}],"version-history":[{"count":9,"href":"https:\/\/brinkmannhp.de\/index.php\/wp-json\/wp\/v2\/pages\/143\/revisions"}],"predecessor-version":[{"id":306,"href":"https:\/\/brinkmannhp.de\/index.php\/wp-json\/wp\/v2\/pages\/143\/revisions\/306"}],"wp:attachment":[{"href":"https:\/\/brinkmannhp.de\/index.php\/wp-json\/wp\/v2\/media?parent=143"}],"curies":[{"name":"wp","href":"https:\/\/api.w.org\/{rel}","templated":true}]}}