{"id":141,"date":"2023-04-05T13:15:53","date_gmt":"2023-04-05T13:15:53","guid":{"rendered":"https:\/\/brinkmannhp.de\/?page_id=141"},"modified":"2024-05-22T13:22:21","modified_gmt":"2024-05-22T13:22:21","slug":"augendiagnose","status":"publish","type":"page","link":"https:\/\/brinkmannhp.de\/index.php\/augendiagnose\/","title":{"rendered":"Augendiagnose"},"content":{"rendered":"\n<div class=\"wp-block-media-text has-media-on-the-right is-stacked-on-mobile\" style=\"grid-template-columns:auto 30%\"><div class=\"wp-block-media-text__content\">\n<p><\/p>\n\n\n\n<p class=\"has-text-align-left has-medium-font-size\"><strong>Augendiagnose<\/strong><\/p>\n\n\n\n<p>Die Augendiagnose erm\u00f6glicht einen Einblick in Konstitution und Disposition eines Menschen.<br>Sowohl Organe, wie auch Funktionszusammenh\u00e4nge bilden sich im Auge ab.<\/p>\n\n\n\n<p>Durch die Einbeziehung der Hinweise aus der Augendiagnose ist es m\u00f6glich, Ihre Therapie noch genauer und effektiver zu gestalten.<\/p>\n<\/div><figure class=\"wp-block-media-text__media\"><img loading=\"lazy\" decoding=\"async\" width=\"1024\" height=\"976\" src=\"https:\/\/brinkmannhp.de\/wp-content\/uploads\/2024\/05\/IMG_6802-Martin_2-2-1024x976.jpg\" alt=\"\" class=\"wp-image-299 size-full\" srcset=\"https:\/\/brinkmannhp.de\/wp-content\/uploads\/2024\/05\/IMG_6802-Martin_2-2-1024x976.jpg 1024w, https:\/\/brinkmannhp.de\/wp-content\/uploads\/2024\/05\/IMG_6802-Martin_2-2-300x286.jpg 300w, https:\/\/brinkmannhp.de\/wp-content\/uploads\/2024\/05\/IMG_6802-Martin_2-2-768x732.jpg 768w, https:\/\/brinkmannhp.de\/wp-content\/uploads\/2024\/05\/IMG_6802-Martin_2-2-1536x1465.jpg 1536w, https:\/\/brinkmannhp.de\/wp-content\/uploads\/2024\/05\/IMG_6802-Martin_2-2.jpg 1592w\" sizes=\"auto, (max-width: 1024px) 100vw, 1024px\" \/><\/figure><\/div>\n","protected":false},"excerpt":{"rendered":"<p>Augendiagnose Die Augendiagnose erm\u00f6glicht einen Einblick in Konstitution und Disposition eines Menschen.Sowohl Organe, wie auch Funktionszusammenh\u00e4nge bilden sich im Auge ab. Durch die Einbeziehung der Hinweise aus der Augendiagnose ist es m\u00f6glich, Ihre Therapie noch genauer und effektiver zu gestalten.<\/p>\n","protected":false},"author":1,"featured_media":0,"parent":0,"menu_order":0,"comment_status":"closed","ping_status":"closed","template":"","meta":{"site-sidebar-layout":"default","site-content-layout":"","ast-site-content-layout":"default","site-content-style":"default","site-sidebar-style":"default","ast-global-header-display":"","ast-banner-title-visibility":"","ast-main-header-display":"","ast-hfb-above-header-display":"","ast-hfb-below-header-display":"","ast-hfb-mobile-header-display":"","site-post-title":"","ast-breadcrumbs-content":"","ast-featured-img":"","footer-sml-layout":"","ast-disable-related-posts":"","theme-transparent-header-meta":"","adv-header-id-meta":"","stick-header-meta":"","header-above-stick-meta":"","header-main-stick-meta":"","header-below-stick-meta":"","astra-migrate-meta-layouts":"set","ast-page-background-enabled":"default","ast-page-background-meta":{"desktop":{"background-color":"var(--ast-global-color-4)","background-image":"","background-repeat":"repeat","background-position":"center center","background-size":"auto","background-attachment":"scroll","background-type":"","background-media":"","overlay-type":"","overlay-color":"","overlay-opacity":"","overlay-gradient":""},"tablet":{"background-color":"","background-image":"","background-repeat":"repeat","background-position":"center center","background-size":"auto","background-attachment":"scroll","background-type":"","background-media":"","overlay-type":"","overlay-color":"","overlay-opacity":"","overlay-gradient":""},"mobile":{"background-color":"","background-image":"","background-repeat":"repeat","background-position":"center center","background-size":"auto","background-attachment":"scroll","background-type":"","background-media":"","overlay-type":"","overlay-color":"","overlay-opacity":"","overlay-gradient":""}},"ast-content-background-meta":{"desktop":{"background-color":"var(--ast-global-color-5)","background-image":"","background-repeat":"repeat","background-position":"center center","background-size":"auto","background-attachment":"scroll","background-type":"","background-media":"","overlay-type":"","overlay-color":"","overlay-opacity":"","overlay-gradient":""},"tablet":{"background-color":"var(--ast-global-color-5)","background-image":"","background-repeat":"repeat","background-position":"center center","background-size":"auto","background-attachment":"scroll","background-type":"","background-media":"","overlay-type":"","overlay-color":"","overlay-opacity":"","overlay-gradient":""},"mobile":{"background-color":"var(--ast-global-color-5)","background-image":"","background-repeat":"repeat","background-position":"center center","background-size":"auto","background-attachment":"scroll","background-type":"","background-media":"","overlay-type":"","overlay-color":"","overlay-opacity":"","overlay-gradient":""}},"footnotes":""},"class_list":["post-141","page","type-page","status-publish","hentry"],"_links":{"self":[{"href":"https:\/\/brinkmannhp.de\/index.php\/wp-json\/wp\/v2\/pages\/141","targetHints":{"allow":["GET"]}}],"collection":[{"href":"https:\/\/brinkmannhp.de\/index.php\/wp-json\/wp\/v2\/pages"}],"about":[{"href":"https:\/\/brinkmannhp.de\/index.php\/wp-json\/wp\/v2\/types\/page"}],"author":[{"embeddable":true,"href":"https:\/\/brinkmannhp.de\/index.php\/wp-json\/wp\/v2\/users\/1"}],"replies":[{"embeddable":true,"href":"https:\/\/brinkmannhp.de\/index.php\/wp-json\/wp\/v2\/comments?post=141"}],"version-history":[{"count":6,"href":"https:\/\/brinkmannhp.de\/index.php\/wp-json\/wp\/v2\/pages\/141\/revisions"}],"predecessor-version":[{"id":362,"href":"https:\/\/brinkmannhp.de\/index.php\/wp-json\/wp\/v2\/pages\/141\/revisions\/362"}],"wp:attachment":[{"href":"https:\/\/brinkmannhp.de\/index.php\/wp-json\/wp\/v2\/media?parent=141"}],"curies":[{"name":"wp","href":"https:\/\/api.w.org\/{rel}","templated":true}]}}