{"id":139,"date":"2024-03-26T13:28:35","date_gmt":"2024-03-26T13:28:35","guid":{"rendered":"https:\/\/brinkmannhp.de\/?page_id=139"},"modified":"2024-05-22T13:10:20","modified_gmt":"2024-05-22T13:10:20","slug":"termine","status":"publish","type":"page","link":"https:\/\/brinkmannhp.de\/index.php\/termine\/","title":{"rendered":"Termine"},"content":{"rendered":"\n<p class=\"has-text-align-center\"><strong>Termine<\/strong><\/p>\n\n\n\n<p class=\"has-text-align-left\">Termine Montags bis Freitags nach Vereinbarung.                        <br>Terminabsprachen unter <strong>05462-886109<\/strong> oder schreiben Sie eine Email an <strong>info@brinkmannhp.de<\/strong><\/p>\n\n\n\n<p class=\"has-text-align-left\">F\u00fcr das Erstgespr\u00e4ch, die Anamnese planen Sie bitte 90 Minuten ein, f\u00fcr Folgetermine etwa 60 min.<\/p>\n\n\n\n<p class=\"has-text-align-left\">Haben Sie \u00e4rztliche Befunde, wie Blutbilder oder andere aktuelle Untersuchungsergebnisse, bringen Sie diese bitte mit. Ebenso eine Liste der Medikamente die Sie einnehmen.<\/p>\n\n\n\n<p class=\"has-text-align-left\">\u00dcber private Krankenkassen, die Beihilfe oder Zusatztarife der gesetzlichen Kassen k\u00f6nnen Sie sich bis zu 80% der Behandlungskosten r\u00fcckwirkend erstatten lassen.                                                                                                                                                                                                   Bei mir in der Praxis entrichten Sie die Kosten nach der Behandlung bitte in bar.<\/p>\n\n\n\n<p class=\"has-text-align-left\"><\/p>\n\n\n\n<p class=\"has-text-align-left\"><\/p>\n","protected":false},"excerpt":{"rendered":"<p>Termine Termine Montags bis Freitags nach Vereinbarung. Terminabsprachen unter 05462-886109 oder schreiben Sie eine Email an info@brinkmannhp.de F\u00fcr das Erstgespr\u00e4ch, die Anamnese planen Sie bitte 90 Minuten ein, f\u00fcr Folgetermine etwa 60 min. Haben Sie \u00e4rztliche Befunde, wie Blutbilder oder andere aktuelle Untersuchungsergebnisse, bringen Sie diese bitte mit. Ebenso eine Liste der Medikamente die Sie [&hellip;]<\/p>\n","protected":false},"author":1,"featured_media":0,"parent":0,"menu_order":0,"comment_status":"closed","ping_status":"closed","template":"","meta":{"site-sidebar-layout":"default","site-content-layout":"","ast-site-content-layout":"default","site-content-style":"default","site-sidebar-style":"default","ast-global-header-display":"","ast-banner-title-visibility":"","ast-main-header-display":"","ast-hfb-above-header-display":"","ast-hfb-below-header-display":"","ast-hfb-mobile-header-display":"","site-post-title":"","ast-breadcrumbs-content":"","ast-featured-img":"","footer-sml-layout":"","ast-disable-related-posts":"","theme-transparent-header-meta":"","adv-header-id-meta":"","stick-header-meta":"","header-above-stick-meta":"","header-main-stick-meta":"","header-below-stick-meta":"","astra-migrate-meta-layouts":"set","ast-page-background-enabled":"default","ast-page-background-meta":{"desktop":{"background-color":"var(--ast-global-color-4)","background-image":"","background-repeat":"repeat","background-position":"center center","background-size":"auto","background-attachment":"scroll","background-type":"","background-media":"","overlay-type":"","overlay-color":"","overlay-opacity":"","overlay-gradient":""},"tablet":{"background-color":"","background-image":"","background-repeat":"repeat","background-position":"center center","background-size":"auto","background-attachment":"scroll","background-type":"","background-media":"","overlay-type":"","overlay-color":"","overlay-opacity":"","overlay-gradient":""},"mobile":{"background-color":"","background-image":"","background-repeat":"repeat","background-position":"center center","background-size":"auto","background-attachment":"scroll","background-type":"","background-media":"","overlay-type":"","overlay-color":"","overlay-opacity":"","overlay-gradient":""}},"ast-content-background-meta":{"desktop":{"background-color":"var(--ast-global-color-5)","background-image":"","background-repeat":"repeat","background-position":"center center","background-size":"auto","background-attachment":"scroll","background-type":"","background-media":"","overlay-type":"","overlay-color":"","overlay-opacity":"","overlay-gradient":""},"tablet":{"background-color":"var(--ast-global-color-5)","background-image":"","background-repeat":"repeat","background-position":"center center","background-size":"auto","background-attachment":"scroll","background-type":"","background-media":"","overlay-type":"","overlay-color":"","overlay-opacity":"","overlay-gradient":""},"mobile":{"background-color":"var(--ast-global-color-5)","background-image":"","background-repeat":"repeat","background-position":"center center","background-size":"auto","background-attachment":"scroll","background-type":"","background-media":"","overlay-type":"","overlay-color":"","overlay-opacity":"","overlay-gradient":""}},"footnotes":""},"class_list":["post-139","page","type-page","status-publish","hentry"],"_links":{"self":[{"href":"https:\/\/brinkmannhp.de\/index.php\/wp-json\/wp\/v2\/pages\/139","targetHints":{"allow":["GET"]}}],"collection":[{"href":"https:\/\/brinkmannhp.de\/index.php\/wp-json\/wp\/v2\/pages"}],"about":[{"href":"https:\/\/brinkmannhp.de\/index.php\/wp-json\/wp\/v2\/types\/page"}],"author":[{"embeddable":true,"href":"https:\/\/brinkmannhp.de\/index.php\/wp-json\/wp\/v2\/users\/1"}],"replies":[{"embeddable":true,"href":"https:\/\/brinkmannhp.de\/index.php\/wp-json\/wp\/v2\/comments?post=139"}],"version-history":[{"count":13,"href":"https:\/\/brinkmannhp.de\/index.php\/wp-json\/wp\/v2\/pages\/139\/revisions"}],"predecessor-version":[{"id":361,"href":"https:\/\/brinkmannhp.de\/index.php\/wp-json\/wp\/v2\/pages\/139\/revisions\/361"}],"wp:attachment":[{"href":"https:\/\/brinkmannhp.de\/index.php\/wp-json\/wp\/v2\/media?parent=139"}],"curies":[{"name":"wp","href":"https:\/\/api.w.org\/{rel}","templated":true}]}}